{"id":1548,"date":"2016-04-20T15:08:45","date_gmt":"2016-04-20T15:08:45","guid":{"rendered":"http:\/\/vergerpleinsoleil.digival4.com\/de\/tariffe\/"},"modified":"2024-07-12T12:33:25","modified_gmt":"2024-07-12T12:33:25","slug":"preise","status":"publish","type":"page","link":"https:\/\/www.vergerpleinsoleil.com\/de\/preise\/","title":{"rendered":"PREISE"},"content":{"rendered":"<p>[et_pb_section fb_built=&#8220;1&#8243; custom_padding_last_edited=&#8220;on|desktop&#8220; admin_label=&#8220;Sezione&#8220; _builder_version=&#8220;4.16&#8243; custom_padding=&#8220;0px|0px|0px|0px&#8220; custom_padding_tablet=&#8220;50px|0|50px|0&#8243; custom_padding_phone=&#8220;&#8220; transparent_background=&#8220;off&#8220; padding_mobile=&#8220;off&#8220; make_fullwidth=&#8220;off&#8220; use_custom_width=&#8220;off&#8220; width_unit=&#8220;on&#8220; global_colors_info=&#8220;{}&#8220;][et_pb_row admin_label=&#8220;Riga&#8220; _builder_version=&#8220;4.16&#8243; background_size=&#8220;initial&#8220; background_position=&#8220;top_left&#8220; background_repeat=&#8220;repeat&#8220; global_colors_info=&#8220;{}&#8220;][et_pb_column type=&#8220;4_4&#8243; _builder_version=&#8220;4.16&#8243; custom_padding=&#8220;|||&#8220; global_colors_info=&#8220;{}&#8220; custom_padding__hover=&#8220;|||&#8220;][et_pb_text admin_label=&#8220;TARIFFE&#8220; _builder_version=&#8220;4.16&#8243; text_font=&#8220;Cantata One||||&#8220; text_text_color=&#8220;#c4a04c&#8220; text_font_size=&#8220;40&#8243; background_size=&#8220;initial&#8220; background_position=&#8220;top_left&#8220; background_repeat=&#8220;repeat&#8220; use_border_color=&#8220;off&#8220; border_color=&#8220;#ffffff&#8220; border_style=&#8220;solid&#8220; global_colors_info=&#8220;{}&#8220;]<\/p>\n<p style=\"text-align: center;\">PREISE<\/p>\n<p>[\/et_pb_text][\/et_pb_column][\/et_pb_row][\/et_pb_section][et_pb_section fb_built=&#8220;1&#8243; custom_padding_last_edited=&#8220;on|desktop&#8220; admin_label=&#8220;Sezione&#8220; _builder_version=&#8220;4.16&#8243; background_color=&#8220;#c4a04c&#8220; custom_padding_tablet=&#8220;50px|0|50px|0&#8243; custom_padding_phone=&#8220;&#8220; transparent_background=&#8220;off&#8220; padding_mobile=&#8220;off&#8220; make_fullwidth=&#8220;off&#8220; use_custom_width=&#8220;off&#8220; width_unit=&#8220;on&#8220; global_colors_info=&#8220;{}&#8220;][et_pb_row column_structure=&#8220;1_2,1_2&#8243; padding_mobile=&#8220;off&#8220; column_padding_mobile=&#8220;on&#8220; admin_label=&#8220;Riga&#8220; _builder_version=&#8220;4.16&#8243; background_size=&#8220;initial&#8220; background_position=&#8220;top_left&#8220; background_repeat=&#8220;repeat&#8220; make_fullwidth=&#8220;off&#8220; use_custom_width=&#8220;off&#8220; width_unit=&#8220;on&#8220; global_colors_info=&#8220;{}&#8220;][et_pb_column type=&#8220;1_2&#8243; _builder_version=&#8220;4.16&#8243; custom_padding=&#8220;|||&#8220; global_colors_info=&#8220;{}&#8220; custom_padding__hover=&#8220;|||&#8220;][et_pb_text admin_label=&#8220;APPARTAMENTO A1&#8243; _builder_version=&#8220;4.26.0&#8243; text_font=&#8220;Cantata One|||on|&#8220; text_text_color=&#8220;#ffffff&#8220; text_font_size=&#8220;30&#8243; header_font=&#8220;|||on|&#8220; background_size=&#8220;initial&#8220; background_position=&#8220;top_left&#8220; background_repeat=&#8220;repeat&#8220; text_orientation=&#8220;center&#8220; module_alignment=&#8220;center&#8220; use_border_color=&#8220;off&#8220; border_color=&#8220;#ffffff&#8220; border_style=&#8220;solid&#8220; global_colors_info=&#8220;{}&#8220;]<\/p>\n<p style=\"text-align: right;\"><strong>Ferienwohnung A1<\/strong><\/p>\n<p>[\/et_pb_text][et_pb_text admin_label=&#8220;Da 4 a 6 persone: prezzo a notte:&#8220; _builder_version=&#8220;4.26.0&#8243; text_text_color=&#8220;#2c3338&#8243; background_size=&#8220;initial&#8220; background_position=&#8220;top_left&#8220; background_repeat=&#8220;repeat&#8220; use_border_color=&#8220;off&#8220; border_color=&#8220;#ffffff&#8220; border_style=&#8220;solid&#8220; global_colors_info=&#8220;{}&#8220;]<\/p>\n<p style=\"text-align: right;\">Von 4 bis 5 Personen (Preis pro Person pro Nacht)<\/p>\n<p style=\"text-align: right;\">min. <strong>20,00 \u20ac<\/strong>\/max. <strong>60,00 \u20ac<\/strong>.<\/p>\n<p>[\/et_pb_text][\/et_pb_column][et_pb_column type=&#8220;1_2&#8243; _builder_version=&#8220;4.16&#8243; custom_padding=&#8220;|||&#8220; global_colors_info=&#8220;{}&#8220; custom_padding__hover=&#8220;|||&#8220;][et_pb_gallery gallery_ids=&#8220;2573,2577,2581,2585&#8243; fullwidth=&#8220;on&#8220; admin_label=&#8220;Galleria&#8220; _builder_version=&#8220;4.26.0&#8243; caption_all_caps=&#8220;off&#8220; use_border_color=&#8220;off&#8220; border_color=&#8220;#ffffff&#8220; border_style=&#8220;solid&#8220; global_colors_info=&#8220;{}&#8220;] [\/et_pb_gallery][\/et_pb_column][\/et_pb_row][\/et_pb_section][et_pb_section fb_built=&#8220;1&#8243; custom_padding_last_edited=&#8220;on|desktop&#8220; disabled_on=&#8220;off|off|off&#8220; admin_label=&#8220;Sezione&#8220; _builder_version=&#8220;4.26.0&#8243; background_color=&#8220;#2c3338&#8243; custom_padding_tablet=&#8220;50px|0|50px|0&#8243; custom_padding_phone=&#8220;&#8220; transparent_background=&#8220;off&#8220; padding_mobile=&#8220;off&#8220; make_fullwidth=&#8220;off&#8220; use_custom_width=&#8220;off&#8220; width_unit=&#8220;on&#8220; global_colors_info=&#8220;{}&#8220;][et_pb_row column_structure=&#8220;1_2,1_2&#8243; padding_mobile=&#8220;off&#8220; column_padding_mobile=&#8220;on&#8220; admin_label=&#8220;Riga&#8220; _builder_version=&#8220;4.16&#8243; background_size=&#8220;initial&#8220; background_position=&#8220;top_left&#8220; background_repeat=&#8220;repeat&#8220; make_fullwidth=&#8220;off&#8220; use_custom_width=&#8220;off&#8220; width_unit=&#8220;on&#8220; global_colors_info=&#8220;{}&#8220;][et_pb_column type=&#8220;1_2&#8243; _builder_version=&#8220;4.16&#8243; custom_padding=&#8220;|||&#8220; global_colors_info=&#8220;{}&#8220; custom_padding__hover=&#8220;|||&#8220;][et_pb_gallery gallery_ids=&#8220;2591,2595,2599,2603&#8243; fullwidth=&#8220;on&#8220; admin_label=&#8220;Galleria&#8220; _builder_version=&#8220;4.26.0&#8243; caption_all_caps=&#8220;off&#8220; use_border_color=&#8220;off&#8220; border_color=&#8220;#ffffff&#8220; border_style=&#8220;solid&#8220; global_colors_info=&#8220;{}&#8220;] [\/et_pb_gallery][\/et_pb_column][et_pb_column type=&#8220;1_2&#8243; _builder_version=&#8220;4.16&#8243; custom_padding=&#8220;|||&#8220; global_colors_info=&#8220;{}&#8220; custom_padding__hover=&#8220;|||&#8220;][et_pb_text admin_label=&#8220;APPARTAMENTO A2&#8243; _builder_version=&#8220;4.26.0&#8243; text_font=&#8220;Cantata One|||on|||||&#8220; text_text_color=&#8220;#c4a04c&#8220; text_font_size=&#8220;30&#8243; header_font=&#8220;|||on|||||&#8220; background_size=&#8220;initial&#8220; background_position=&#8220;top_left&#8220; background_repeat=&#8220;repeat&#8220; text_orientation=&#8220;center&#8220; module_alignment=&#8220;center&#8220; use_border_color=&#8220;off&#8220; border_color=&#8220;#ffffff&#8220; border_style=&#8220;solid&#8220; global_colors_info=&#8220;{}&#8220;]<\/p>\n<p style=\"text-align: left;\"><strong>Ferienwohnung A4<\/strong><\/p>\n<p>[\/et_pb_text][et_pb_text admin_label=&#8220;Monolocale per 2 persone: prezzo a notte:&#8220; _builder_version=&#8220;4.26.0&#8243; text_text_color=&#8220;#ffffff&#8220; background_size=&#8220;initial&#8220; background_position=&#8220;top_left&#8220; background_repeat=&#8220;repeat&#8220; use_border_color=&#8220;off&#8220; border_color=&#8220;#ffffff&#8220; border_style=&#8220;solid&#8220; global_colors_info=&#8220;{}&#8220;]<\/p>\n<p style=\"text-align: left;\">Studio f\u00fcr 2 Personen: (Preis pro Person pro Nacht)<\/p>\n<p style=\"text-align: left;\">min. <strong>20,00 \u20ac<\/strong>\/max. <strong>40,00 \u20ac<\/strong>.<\/p>\n<p>[\/et_pb_text][\/et_pb_column][\/et_pb_row][\/et_pb_section][et_pb_section fb_built=&#8220;1&#8243; custom_padding_last_edited=&#8220;on|desktop&#8220; disabled_on=&#8220;off|off|off&#8220; admin_label=&#8220;Sezione&#8220; _builder_version=&#8220;4.26.0&#8243; background_color=&#8220;#c4a04c&#8220; custom_padding_tablet=&#8220;50px|0|50px|0&#8243; custom_padding_phone=&#8220;&#8220; transparent_background=&#8220;off&#8220; padding_mobile=&#8220;off&#8220; make_fullwidth=&#8220;off&#8220; use_custom_width=&#8220;off&#8220; width_unit=&#8220;on&#8220; global_colors_info=&#8220;{}&#8220;][et_pb_row column_structure=&#8220;1_2,1_2&#8243; padding_mobile=&#8220;off&#8220; column_padding_mobile=&#8220;on&#8220; admin_label=&#8220;Riga&#8220; _builder_version=&#8220;4.16&#8243; background_size=&#8220;initial&#8220; background_position=&#8220;top_left&#8220; background_repeat=&#8220;repeat&#8220; make_fullwidth=&#8220;off&#8220; use_custom_width=&#8220;off&#8220; width_unit=&#8220;on&#8220; global_colors_info=&#8220;{}&#8220;][et_pb_column type=&#8220;1_2&#8243; _builder_version=&#8220;4.16&#8243; custom_padding=&#8220;|||&#8220; global_colors_info=&#8220;{}&#8220; custom_padding__hover=&#8220;|||&#8220;][et_pb_text admin_label=&#8220;APPARTAMENTO A4&#8243; _builder_version=&#8220;4.26.0&#8243; text_font=&#8220;Cantata One|||on|||||&#8220; text_text_color=&#8220;#ffffff&#8220; text_font_size=&#8220;30&#8243; background_size=&#8220;initial&#8220; background_position=&#8220;top_left&#8220; background_repeat=&#8220;repeat&#8220; text_orientation=&#8220;center&#8220; module_alignment=&#8220;center&#8220; use_border_color=&#8220;off&#8220; border_color=&#8220;#ffffff&#8220; border_style=&#8220;solid&#8220; global_colors_info=&#8220;{}&#8220;]<\/p>\n<p style=\"text-align: right;\"><strong>Ferienwohnung A5<\/strong><\/p>\n<p>[\/et_pb_text][et_pb_text admin_label=&#8220;Monolocale per 2 persone: prezzo a notte:&#8220; _builder_version=&#8220;4.26.0&#8243; text_text_color=&#8220;#2c3338&#8243; background_size=&#8220;initial&#8220; background_position=&#8220;top_left&#8220; background_repeat=&#8220;repeat&#8220; use_border_color=&#8220;off&#8220; border_color=&#8220;#ffffff&#8220; border_style=&#8220;solid&#8220; global_colors_info=&#8220;{}&#8220;]<\/p>\n<p style=\"text-align: right;\">Von 2 bis 4 Personen (Preis pro Person pro Nacht)<\/p>\n<p style=\"text-align: right;\">min. <strong>20,00 \u20ac<\/strong>\/max. <strong>60,00 \u20ac<\/strong>.<\/p>\n<p>[\/et_pb_text][\/et_pb_column][et_pb_column type=&#8220;1_2&#8243; _builder_version=&#8220;4.16&#8243; custom_padding=&#8220;|||&#8220; global_colors_info=&#8220;{}&#8220; custom_padding__hover=&#8220;|||&#8220;][et_pb_gallery gallery_ids=&#8220;2610,2614,2618,2622&#8243; fullwidth=&#8220;on&#8220; admin_label=&#8220;Galleria&#8220; _builder_version=&#8220;4.26.0&#8243; caption_all_caps=&#8220;off&#8220; use_border_color=&#8220;off&#8220; border_color=&#8220;#ffffff&#8220; border_style=&#8220;solid&#8220; global_colors_info=&#8220;{}&#8220;] [\/et_pb_gallery][\/et_pb_column][\/et_pb_row][\/et_pb_section][et_pb_section fb_built=&#8220;1&#8243; custom_padding_last_edited=&#8220;on|desktop&#8220; admin_label=&#8220;Sezione&#8220; _builder_version=&#8220;4.16&#8243; background_color=&#8220;#2c3338&#8243; custom_padding_tablet=&#8220;50px|0|50px|0&#8243; custom_padding_phone=&#8220;&#8220; transparent_background=&#8220;off&#8220; padding_mobile=&#8220;off&#8220; make_fullwidth=&#8220;off&#8220; use_custom_width=&#8220;off&#8220; width_unit=&#8220;on&#8220; global_colors_info=&#8220;{}&#8220;][et_pb_row column_structure=&#8220;1_2,1_2&#8243; padding_mobile=&#8220;off&#8220; column_padding_mobile=&#8220;on&#8220; admin_label=&#8220;Riga&#8220; _builder_version=&#8220;4.16&#8243; background_size=&#8220;initial&#8220; background_position=&#8220;top_left&#8220; background_repeat=&#8220;repeat&#8220; make_fullwidth=&#8220;off&#8220; use_custom_width=&#8220;off&#8220; width_unit=&#8220;on&#8220; global_colors_info=&#8220;{}&#8220;][et_pb_column type=&#8220;1_2&#8243; _builder_version=&#8220;4.16&#8243; custom_padding=&#8220;|||&#8220; global_colors_info=&#8220;{}&#8220; custom_padding__hover=&#8220;|||&#8220;][et_pb_gallery gallery_ids=&#8220;2630,2634,2638,2642&#8243; fullwidth=&#8220;on&#8220; admin_label=&#8220;Galleria&#8220; _builder_version=&#8220;4.26.0&#8243; caption_all_caps=&#8220;off&#8220; use_border_color=&#8220;off&#8220; border_color=&#8220;#ffffff&#8220; border_style=&#8220;solid&#8220; global_colors_info=&#8220;{}&#8220;] [\/et_pb_gallery][\/et_pb_column][et_pb_column type=&#8220;1_2&#8243; _builder_version=&#8220;4.16&#8243; custom_padding=&#8220;|||&#8220; global_colors_info=&#8220;{}&#8220; custom_padding__hover=&#8220;|||&#8220;][et_pb_text admin_label=&#8220;APPARTAMENTO A5&#8243; _builder_version=&#8220;4.26.0&#8243; text_font=&#8220;Cantata One|||on|&#8220; text_text_color=&#8220;#c4a04c&#8220; text_font_size=&#8220;30&#8243; header_font=&#8220;|||on|&#8220; background_size=&#8220;initial&#8220; background_position=&#8220;top_left&#8220; background_repeat=&#8220;repeat&#8220; text_orientation=&#8220;center&#8220; module_alignment=&#8220;center&#8220; use_border_color=&#8220;off&#8220; border_color=&#8220;#ffffff&#8220; border_style=&#8220;solid&#8220; global_colors_info=&#8220;{}&#8220;]<\/p>\n<p style=\"text-align: left;\"><strong>Ferienwohnung A7<\/strong><\/p>\n<p>[\/et_pb_text][et_pb_text admin_label=&#8220;Da 4 a 6 persone: prezzo a notte:&#8220; _builder_version=&#8220;4.26.0&#8243; text_text_color=&#8220;#ffffff&#8220; background_size=&#8220;initial&#8220; background_position=&#8220;top_left&#8220; background_repeat=&#8220;repeat&#8220; use_border_color=&#8220;off&#8220; border_color=&#8220;#ffffff&#8220; border_style=&#8220;solid&#8220; global_colors_info=&#8220;{}&#8220;]<\/p>\n<p>Zwei-Zimmer-Wohnung f\u00fcr 2 Personen (Preis pro Person pro Nacht)<\/p>\n<p>min. <strong>20,00 \u20ac<\/strong>\/max. <strong>60,00 \u20ac<\/strong>.<\/p>\n<p>[\/et_pb_text][\/et_pb_column][\/et_pb_row][\/et_pb_section][et_pb_section fb_built=&#8220;1&#8243; custom_padding_last_edited=&#8220;on|desktop&#8220; admin_label=&#8220;Sezione&#8220; _builder_version=&#8220;4.16&#8243; custom_padding_tablet=&#8220;50px|0|50px|0&#8243; custom_padding_phone=&#8220;&#8220; transparent_background=&#8220;off&#8220; padding_mobile=&#8220;off&#8220; make_fullwidth=&#8220;off&#8220; use_custom_width=&#8220;off&#8220; width_unit=&#8220;on&#8220; global_colors_info=&#8220;{}&#8220;][et_pb_row admin_label=&#8220;Riga&#8220; _builder_version=&#8220;4.16&#8243; background_size=&#8220;initial&#8220; background_position=&#8220;top_left&#8220; background_repeat=&#8220;repeat&#8220; global_colors_info=&#8220;{}&#8220;][et_pb_column type=&#8220;4_4&#8243; _builder_version=&#8220;4.16&#8243; custom_padding=&#8220;|||&#8220; global_colors_info=&#8220;{}&#8220; custom_padding__hover=&#8220;|||&#8220;][et_pb_text _builder_version=&#8220;4.16&#8243; _module_preset=&#8220;default&#8220; global_colors_info=&#8220;{}&#8220;]<\/p>\n<p>* Preise in der Hochsaison (Juli, August, Weihnachten, Neujahr, Ostern, Feiertage und Tage vor Feiertagen)<\/p>\n<p>[\/et_pb_text][et_pb_text admin_label=&#8220;Nella quota sono comprese&#8220; _builder_version=&#8220;4.26.0&#8243; text_text_color=&#8220;#2c3338&#8243; background_size=&#8220;initial&#8220; background_position=&#8220;top_left&#8220; background_repeat=&#8220;repeat&#8220; hover_enabled=&#8220;0&#8243; use_border_color=&#8220;off&#8220; border_color=&#8220;#ffffff&#8220; border_style=&#8220;solid&#8220; global_colors_info=&#8220;{}&#8220; sticky_enabled=&#8220;0&#8243;]<\/p>\n<ul>\n<li><strong>PARKPLATZ INBEGRIFFEN<\/strong><\/li>\n<li><strong>KINDER UNTER 3 JAHREN FREI<\/strong><\/li>\n<li>\n<p><strong>CHECK-IN: 16:00\/21:00 Uhr<\/strong><\/p>\n<\/li>\n<li>\n<p><strong>CHECK-OUT: 7.30\/10.00 Uhr<\/strong><\/p>\n<\/li>\n<li>\n<p><strong>Abweichende An- und Abreisezeiten m\u00fcssen vorab vereinbart werden.<\/strong><\/p>\n<\/li>\n<li>\n<p><strong>Es gibt keinen Nachtportier.<\/strong><\/p>\n<\/li>\n<li>\n<p><strong>TIERE SIND NICHT ERLAUB<\/strong><\/p>\n<\/li>\n<\/ul>\n<p>[\/et_pb_text][et_pb_text admin_label=&#8220;Nella quota sono comprese&#8220; _builder_version=&#8220;4.26.0&#8243; text_text_color=&#8220;#2c3338&#8243; background_size=&#8220;initial&#8220; background_position=&#8220;top_left&#8220; background_repeat=&#8220;repeat&#8220; hover_enabled=&#8220;0&#8243; use_border_color=&#8220;off&#8220; border_color=&#8220;#ffffff&#8220; border_style=&#8220;solid&#8220; global_colors_info=&#8220;{}&#8220; sticky_enabled=&#8220;0&#8243;]<\/p>\n<ul>\n<li>Die Geb\u00fchr beinhaltet die Kosten f\u00fcr Wasser, Strom, Heizung, M\u00fcll, Gas und sonstige Abgaben, gratis WiFi, sofern nicht ausdr\u00fccklich kontraindiziert.<\/li>\n<li>Die Endreinigung ist inklusive, mit Ausnahme der Kochnische und des K\u00fchlschranks, die sauber und ordentlich zu hinterlassen sind, gegen einen Aufpreis von \u20ac 50,00.<\/li>\n<li>Die Bereitstellung von Bettw\u00e4sche f\u00fcr Schlafzimmer und Bad ist optional und kann vor Ort gemietet werden.<\/li>\n<li>Kaution \u20ac 150,00.<\/li>\n<li>Schadenersatz kann innerhalb von drei Tagen ab dem Abreisedatum beantragt werden und f\u00fcr alle Streitigkeiten ist ausschlie\u00dflich das Gericht von Aosta zust\u00e4ndig.<\/li>\n<li>Zur Best\u00e4tigung ist eine Anzahlung von 30% erforderlich.<\/li>\n<\/ul>\n<p>[\/et_pb_text][\/et_pb_column][\/et_pb_row][\/et_pb_section]<\/p>\n","protected":false},"excerpt":{"rendered":"<p>PREISE Ferienwohnung A1Von 4 bis 5 Personen (Preis pro Person pro Nacht) min. 20,00 \u20ac\/max. 60,00 \u20ac. Ferienwohnung A4Studio f\u00fcr 2 Personen: (Preis pro Person pro Nacht) min. 20,00 \u20ac\/max. 40,00 \u20ac.Ferienwohnung A5Von 2 bis 4 Personen (Preis pro Person pro Nacht) min. 20,00 \u20ac\/max. 60,00 \u20ac. Ferienwohnung A7Zwei-Zimmer-Wohnung f\u00fcr 2 Personen (Preis pro Person [&hellip;]<\/p>\n","protected":false},"author":1,"featured_media":0,"parent":0,"menu_order":0,"comment_status":"closed","ping_status":"closed","template":"","meta":{"_et_pb_use_builder":"on","_et_pb_old_content":"","_et_gb_content_width":"","footnotes":""},"class_list":["post-1548","page","type-page","status-publish","hentry"],"yoast_head":"<!-- This site is optimized with the Yoast SEO plugin v23.9 - https:\/\/yoast.com\/wordpress\/plugins\/seo\/ -->\n<title>PREISE - Verger Plein Soleil<\/title>\n<meta name=\"robots\" content=\"index, follow, max-snippet:-1, max-image-preview:large, max-video-preview:-1\" \/>\n<link rel=\"canonical\" href=\"https:\/\/www.vergerpleinsoleil.com\/de\/preise\/\" \/>\n<meta property=\"og:locale\" content=\"de_DE\" \/>\n<meta property=\"og:type\" content=\"article\" \/>\n<meta property=\"og:title\" content=\"PREISE - Verger Plein Soleil\" \/>\n<meta property=\"og:description\" content=\"PREISE Ferienwohnung A1Von 4 bis 5 Personen (Preis pro Person pro Nacht) min. 20,00 \u20ac\/max. 60,00 \u20ac. Ferienwohnung A4Studio f\u00fcr 2 Personen: (Preis pro Person pro Nacht) min. 20,00 \u20ac\/max. 40,00 \u20ac.Ferienwohnung A5Von 2 bis 4 Personen (Preis pro Person pro Nacht) min. 20,00 \u20ac\/max. 60,00 \u20ac. Ferienwohnung A7Zwei-Zimmer-Wohnung f\u00fcr 2 Personen (Preis pro Person [&hellip;]\" \/>\n<meta property=\"og:url\" content=\"https:\/\/www.vergerpleinsoleil.com\/de\/preise\/\" \/>\n<meta property=\"og:site_name\" content=\"Verger Plein Soleil\" \/>\n<meta property=\"article:modified_time\" content=\"2024-07-12T12:33:25+00:00\" \/>\n<meta name=\"twitter:card\" content=\"summary_large_image\" \/>\n<meta name=\"twitter:label1\" content=\"Gesch\u00e4tzte Lesezeit\" \/>\n\t<meta name=\"twitter:data1\" content=\"5\u00a0Minuten\" \/>\n<script type=\"application\/ld+json\" class=\"yoast-schema-graph\">{\"@context\":\"https:\/\/schema.org\",\"@graph\":[{\"@type\":\"WebPage\",\"@id\":\"https:\/\/www.vergerpleinsoleil.com\/de\/preise\/\",\"url\":\"https:\/\/www.vergerpleinsoleil.com\/de\/preise\/\",\"name\":\"PREISE - Verger Plein Soleil\",\"isPartOf\":{\"@id\":\"https:\/\/www.vergerpleinsoleil.com\/#website\"},\"datePublished\":\"2016-04-20T15:08:45+00:00\",\"dateModified\":\"2024-07-12T12:33:25+00:00\",\"breadcrumb\":{\"@id\":\"https:\/\/www.vergerpleinsoleil.com\/de\/preise\/#breadcrumb\"},\"inLanguage\":\"de\",\"potentialAction\":[{\"@type\":\"ReadAction\",\"target\":[\"https:\/\/www.vergerpleinsoleil.com\/de\/preise\/\"]}]},{\"@type\":\"BreadcrumbList\",\"@id\":\"https:\/\/www.vergerpleinsoleil.com\/de\/preise\/#breadcrumb\",\"itemListElement\":[{\"@type\":\"ListItem\",\"position\":1,\"name\":\"Home\",\"item\":\"https:\/\/www.vergerpleinsoleil.com\/de\/\"},{\"@type\":\"ListItem\",\"position\":2,\"name\":\"PREISE\"}]},{\"@type\":\"WebSite\",\"@id\":\"https:\/\/www.vergerpleinsoleil.com\/#website\",\"url\":\"https:\/\/www.vergerpleinsoleil.com\/\",\"name\":\"Verger Plein Soleil\",\"description\":\"Appartamenti Valle d&#039;Aosta\",\"potentialAction\":[{\"@type\":\"SearchAction\",\"target\":{\"@type\":\"EntryPoint\",\"urlTemplate\":\"https:\/\/www.vergerpleinsoleil.com\/?s={search_term_string}\"},\"query-input\":{\"@type\":\"PropertyValueSpecification\",\"valueRequired\":true,\"valueName\":\"search_term_string\"}}],\"inLanguage\":\"de\"}]}<\/script>\n<!-- \/ Yoast SEO plugin. -->","yoast_head_json":{"title":"PREISE - Verger Plein Soleil","robots":{"index":"index","follow":"follow","max-snippet":"max-snippet:-1","max-image-preview":"max-image-preview:large","max-video-preview":"max-video-preview:-1"},"canonical":"https:\/\/www.vergerpleinsoleil.com\/de\/preise\/","og_locale":"de_DE","og_type":"article","og_title":"PREISE - Verger Plein Soleil","og_description":"PREISE Ferienwohnung A1Von 4 bis 5 Personen (Preis pro Person pro Nacht) min. 20,00 \u20ac\/max. 60,00 \u20ac. Ferienwohnung A4Studio f\u00fcr 2 Personen: (Preis pro Person pro Nacht) min. 20,00 \u20ac\/max. 40,00 \u20ac.Ferienwohnung A5Von 2 bis 4 Personen (Preis pro Person pro Nacht) min. 20,00 \u20ac\/max. 60,00 \u20ac. Ferienwohnung A7Zwei-Zimmer-Wohnung f\u00fcr 2 Personen (Preis pro Person [&hellip;]","og_url":"https:\/\/www.vergerpleinsoleil.com\/de\/preise\/","og_site_name":"Verger Plein Soleil","article_modified_time":"2024-07-12T12:33:25+00:00","twitter_card":"summary_large_image","twitter_misc":{"Gesch\u00e4tzte Lesezeit":"5\u00a0Minuten"},"schema":{"@context":"https:\/\/schema.org","@graph":[{"@type":"WebPage","@id":"https:\/\/www.vergerpleinsoleil.com\/de\/preise\/","url":"https:\/\/www.vergerpleinsoleil.com\/de\/preise\/","name":"PREISE - Verger Plein Soleil","isPartOf":{"@id":"https:\/\/www.vergerpleinsoleil.com\/#website"},"datePublished":"2016-04-20T15:08:45+00:00","dateModified":"2024-07-12T12:33:25+00:00","breadcrumb":{"@id":"https:\/\/www.vergerpleinsoleil.com\/de\/preise\/#breadcrumb"},"inLanguage":"de","potentialAction":[{"@type":"ReadAction","target":["https:\/\/www.vergerpleinsoleil.com\/de\/preise\/"]}]},{"@type":"BreadcrumbList","@id":"https:\/\/www.vergerpleinsoleil.com\/de\/preise\/#breadcrumb","itemListElement":[{"@type":"ListItem","position":1,"name":"Home","item":"https:\/\/www.vergerpleinsoleil.com\/de\/"},{"@type":"ListItem","position":2,"name":"PREISE"}]},{"@type":"WebSite","@id":"https:\/\/www.vergerpleinsoleil.com\/#website","url":"https:\/\/www.vergerpleinsoleil.com\/","name":"Verger Plein Soleil","description":"Appartamenti Valle d&#039;Aosta","potentialAction":[{"@type":"SearchAction","target":{"@type":"EntryPoint","urlTemplate":"https:\/\/www.vergerpleinsoleil.com\/?s={search_term_string}"},"query-input":{"@type":"PropertyValueSpecification","valueRequired":true,"valueName":"search_term_string"}}],"inLanguage":"de"}]}},"_links":{"self":[{"href":"https:\/\/www.vergerpleinsoleil.com\/de\/wp-json\/wp\/v2\/pages\/1548","targetHints":{"allow":["GET"]}}],"collection":[{"href":"https:\/\/www.vergerpleinsoleil.com\/de\/wp-json\/wp\/v2\/pages"}],"about":[{"href":"https:\/\/www.vergerpleinsoleil.com\/de\/wp-json\/wp\/v2\/types\/page"}],"author":[{"embeddable":true,"href":"https:\/\/www.vergerpleinsoleil.com\/de\/wp-json\/wp\/v2\/users\/1"}],"replies":[{"embeddable":true,"href":"https:\/\/www.vergerpleinsoleil.com\/de\/wp-json\/wp\/v2\/comments?post=1548"}],"version-history":[{"count":5,"href":"https:\/\/www.vergerpleinsoleil.com\/de\/wp-json\/wp\/v2\/pages\/1548\/revisions"}],"predecessor-version":[{"id":2745,"href":"https:\/\/www.vergerpleinsoleil.com\/de\/wp-json\/wp\/v2\/pages\/1548\/revisions\/2745"}],"wp:attachment":[{"href":"https:\/\/www.vergerpleinsoleil.com\/de\/wp-json\/wp\/v2\/media?parent=1548"}],"curies":[{"name":"wp","href":"https:\/\/api.w.org\/{rel}","templated":true}]}}