{"id":1545,"date":"2016-03-07T13:25:36","date_gmt":"2016-03-07T13:25:36","guid":{"rendered":"http:\/\/vergerpleinsoleil.digival4.com\/de\/saint-pierre\/"},"modified":"2024-07-12T12:23:59","modified_gmt":"2024-07-12T12:23:59","slug":"saint-pierre","status":"publish","type":"page","link":"https:\/\/www.vergerpleinsoleil.com\/de\/saint-pierre\/","title":{"rendered":"SAINT-PIERRE"},"content":{"rendered":"<p>[et_pb_section fb_built=&#8220;1&#8243; fullwidth=&#8220;on&#8220; admin_label=&#8220;Sezione&#8220; _builder_version=&#8220;4.16&#8243; locked=&#8220;off&#8220; global_colors_info=&#8220;{}&#8220;][et_pb_fullwidth_image src=&#8220;https:\/\/www.vergerpleinsoleil.com\/wp-content\/uploads\/2016\/03\/Castello-Saint-Pierre.jpg&#8220; alt=&#8220;Castello Saint-Pierre&#8220; title_text=&#8220;Castello Saint-Pierre&#8220; admin_label=&#8220;Immagine a Larghezza Intera&#8220; _builder_version=&#8220;4.26.0&#8243; hover_enabled=&#8220;0&#8243; animation=&#8220;off&#8220; use_border_color=&#8220;off&#8220; border_color=&#8220;#ffffff&#8220; border_style=&#8220;solid&#8220; global_colors_info=&#8220;{}&#8220; sticky_enabled=&#8220;0&#8243;] [\/et_pb_fullwidth_image][\/et_pb_section][et_pb_section fb_built=&#8220;1&#8243; admin_label=&#8220;Sezione&#8220; _builder_version=&#8220;4.16&#8243; global_colors_info=&#8220;{}&#8220;][et_pb_row admin_label=&#8220;Riga&#8220; _builder_version=&#8220;4.16&#8243; background_size=&#8220;initial&#8220; background_position=&#8220;top_left&#8220; background_repeat=&#8220;repeat&#8220; global_colors_info=&#8220;{}&#8220;][et_pb_column type=&#8220;4_4&#8243; _builder_version=&#8220;4.16&#8243; custom_padding=&#8220;|||&#8220; global_colors_info=&#8220;{}&#8220; custom_padding__hover=&#8220;|||&#8220;][et_pb_text admin_label=&#8220;SAINT-PIERRE&#8220; _builder_version=&#8220;4.16&#8243; text_font=&#8220;Cantata One||||&#8220; text_text_color=&#8220;#c4a04c&#8220; text_font_size=&#8220;40&#8243; background_size=&#8220;initial&#8220; background_position=&#8220;top_left&#8220; background_repeat=&#8220;repeat&#8220; use_border_color=&#8220;off&#8220; border_color=&#8220;#ffffff&#8220; border_style=&#8220;solid&#8220; global_colors_info=&#8220;{}&#8220;]<\/p>\n<p style=\"text-align: center;\">SAINT-PIERRE<\/p>\n<p>[\/et_pb_text][et_pb_divider disabled_on=&#8220;on|on|off&#8220; admin_label=&#8220;Modulo Separatore&#8220; _builder_version=&#8220;4.16&#8243; hide_on_mobile=&#8220;on&#8220; global_colors_info=&#8220;{}&#8220;] [\/et_pb_divider][\/et_pb_column][\/et_pb_row][\/et_pb_section][et_pb_section fb_built=&#8220;1&#8243; admin_label=&#8220;Sezione&#8220; _builder_version=&#8220;4.16&#8243; global_colors_info=&#8220;{}&#8220;][et_pb_row column_structure=&#8220;1_4,1_4,1_4,1_4&#8243; admin_label=&#8220;Riga&#8220; _builder_version=&#8220;4.16&#8243; background_size=&#8220;initial&#8220; background_position=&#8220;top_left&#8220; background_repeat=&#8220;repeat&#8220; global_colors_info=&#8220;{}&#8220;][et_pb_column type=&#8220;1_4&#8243; _builder_version=&#8220;4.16&#8243; custom_padding=&#8220;|||&#8220; global_colors_info=&#8220;{}&#8220; custom_padding__hover=&#8220;|||&#8220;][et_pb_image src=&#8220;https:\/\/www.vergerpleinsoleil.com\/wp-content\/uploads\/2016\/03\/Blurb4.png&#8220; alt=&#8220;Superficie Saint-Pierre&#8220; title_text=&#8220;Blurb4&#8243; align=&#8220;center&#8220; align_tablet=&#8220;center&#8220; align_phone=&#8220;center&#8220; align_last_edited=&#8220;on|desktop&#8220; admin_label=&#8220;Immagine&#8220; _builder_version=&#8220;4.26.0&#8243; animation_style=&#8220;slide&#8220; animation_direction=&#8220;top&#8220; animation_duration=&#8220;500ms&#8220; animation_intensity_slide=&#8220;10%&#8220; use_border_color=&#8220;off&#8220; border_color=&#8220;#ffffff&#8220; border_style=&#8220;solid&#8220; sticky=&#8220;off&#8220; always_center_on_mobile=&#8220;on&#8220; global_colors_info=&#8220;{}&#8220;] [\/et_pb_image][et_pb_text admin_label=&#8220;Fl\u00e4che&#8220; _builder_version=&#8220;4.16&#8243; text_text_color=&#8220;#2c3338&#8243; text_font_size=&#8220;18&#8243; header_font=&#8220;|||on|&#8220; background_size=&#8220;initial&#8220; background_position=&#8220;top_left&#8220; background_repeat=&#8220;repeat&#8220; text_orientation=&#8220;center&#8220; module_alignment=&#8220;center&#8220; use_border_color=&#8220;off&#8220; border_color=&#8220;#ffffff&#8220; border_style=&#8220;solid&#8220; global_colors_info=&#8220;{}&#8220;]<\/p>\n<p style=\"text-align: center;\">Fl\u00e4che<br \/>\n<strong>26 km2<\/strong><\/p>\n<p>[\/et_pb_text][\/et_pb_column][et_pb_column type=&#8220;1_4&#8243; _builder_version=&#8220;4.16&#8243; custom_padding=&#8220;|||&#8220; global_colors_info=&#8220;{}&#8220; custom_padding__hover=&#8220;|||&#8220;][et_pb_image src=&#8220;https:\/\/www.vergerpleinsoleil.com\/wp-content\/uploads\/2016\/03\/Blurb5.png&#8220; alt=&#8220;Altitudine massima Saint-Pierre&#8220; title_text=&#8220;Blurb5&#8243; align=&#8220;center&#8220; align_tablet=&#8220;center&#8220; align_phone=&#8220;center&#8220; align_last_edited=&#8220;on|desktop&#8220; admin_label=&#8220;Immagine&#8220; _builder_version=&#8220;4.26.0&#8243; animation_style=&#8220;slide&#8220; animation_direction=&#8220;top&#8220; animation_duration=&#8220;500ms&#8220; animation_intensity_slide=&#8220;10%&#8220; use_border_color=&#8220;off&#8220; border_color=&#8220;#ffffff&#8220; border_style=&#8220;solid&#8220; sticky=&#8220;off&#8220; always_center_on_mobile=&#8220;on&#8220; global_colors_info=&#8220;{}&#8220;] [\/et_pb_image][et_pb_text admin_label=&#8220;H\u00f6he: MAX&#8220; _builder_version=&#8220;4.16&#8243; text_text_color=&#8220;#2c3338&#8243; text_font_size=&#8220;18&#8243; background_size=&#8220;initial&#8220; background_position=&#8220;top_left&#8220; background_repeat=&#8220;repeat&#8220; text_orientation=&#8220;center&#8220; module_alignment=&#8220;center&#8220; use_border_color=&#8220;off&#8220; border_color=&#8220;#ffffff&#8220; border_style=&#8220;solid&#8220; global_colors_info=&#8220;{}&#8220;]<\/p>\n<p style=\"text-align: center;\">H\u00f6he: MAX<br \/>\n<strong>3089 m.<\/strong><\/p>\n<p>[\/et_pb_text][\/et_pb_column][et_pb_column type=&#8220;1_4&#8243; _builder_version=&#8220;4.16&#8243; custom_padding=&#8220;|||&#8220; global_colors_info=&#8220;{}&#8220; custom_padding__hover=&#8220;|||&#8220;][et_pb_image src=&#8220;https:\/\/www.vergerpleinsoleil.com\/wp-content\/uploads\/2016\/03\/Blurb6.png&#8220; alt=&#8220;Altitudine minima Saint-Pierre&#8220; title_text=&#8220;Blurb6&#8243; align=&#8220;center&#8220; align_tablet=&#8220;center&#8220; align_phone=&#8220;center&#8220; align_last_edited=&#8220;on|desktop&#8220; admin_label=&#8220;Immagine&#8220; _builder_version=&#8220;4.26.0&#8243; animation_style=&#8220;slide&#8220; animation_direction=&#8220;top&#8220; animation_duration=&#8220;500ms&#8220; animation_intensity_slide=&#8220;10%&#8220; use_border_color=&#8220;off&#8220; border_color=&#8220;#ffffff&#8220; border_style=&#8220;solid&#8220; sticky=&#8220;off&#8220; always_center_on_mobile=&#8220;on&#8220; global_colors_info=&#8220;{}&#8220;] [\/et_pb_image][et_pb_text admin_label=&#8220;H\u00f6he: MIN&#8220; _builder_version=&#8220;4.16&#8243; text_text_color=&#8220;#2c3338&#8243; text_font_size=&#8220;18&#8243; background_size=&#8220;initial&#8220; background_position=&#8220;top_left&#8220; background_repeat=&#8220;repeat&#8220; text_orientation=&#8220;center&#8220; module_alignment=&#8220;center&#8220; use_border_color=&#8220;off&#8220; border_color=&#8220;#ffffff&#8220; border_style=&#8220;solid&#8220; global_colors_info=&#8220;{}&#8220;]<\/p>\n<p style=\"text-align: center;\">H\u00f6he: MIN<br \/>\n<strong>613 m.<\/strong><\/p>\n<p>[\/et_pb_text][\/et_pb_column][et_pb_column type=&#8220;1_4&#8243; _builder_version=&#8220;4.16&#8243; custom_padding=&#8220;|||&#8220; global_colors_info=&#8220;{}&#8220; custom_padding__hover=&#8220;|||&#8220;][et_pb_image src=&#8220;https:\/\/www.vergerpleinsoleil.com\/wp-content\/uploads\/2016\/03\/Blurb7.png&#8220; alt=&#8220;Abitanti Saint-Pierre&#8220; title_text=&#8220;Blurb7&#8243; align=&#8220;center&#8220; align_tablet=&#8220;center&#8220; align_phone=&#8220;center&#8220; align_last_edited=&#8220;on|desktop&#8220; admin_label=&#8220;Immagine&#8220; _builder_version=&#8220;4.26.0&#8243; animation_style=&#8220;slide&#8220; animation_direction=&#8220;top&#8220; animation_duration=&#8220;500ms&#8220; animation_intensity_slide=&#8220;10%&#8220; use_border_color=&#8220;off&#8220; border_color=&#8220;#ffffff&#8220; border_style=&#8220;solid&#8220; sticky=&#8220;off&#8220; always_center_on_mobile=&#8220;on&#8220; global_colors_info=&#8220;{}&#8220;] [\/et_pb_image][et_pb_text admin_label=&#8220;EINWOHNER&#8220; _builder_version=&#8220;4.16&#8243; text_text_color=&#8220;#2c3338&#8243; text_font_size=&#8220;18&#8243; background_size=&#8220;initial&#8220; background_position=&#8220;top_left&#8220; background_repeat=&#8220;repeat&#8220; text_orientation=&#8220;center&#8220; module_alignment=&#8220;center&#8220; use_border_color=&#8220;off&#8220; border_color=&#8220;#ffffff&#8220; border_style=&#8220;solid&#8220; global_colors_info=&#8220;{}&#8220;]<\/p>\n<p style=\"text-align: center;\">EINWOHNER<br \/>\n<strong> 2.516<\/strong><\/p>\n<p>[\/et_pb_text][\/et_pb_column][\/et_pb_row][\/et_pb_section][et_pb_section fb_built=&#8220;1&#8243; custom_padding_last_edited=&#8220;on|desktop&#8220; admin_label=&#8220;Sezione&#8220; _builder_version=&#8220;4.16&#8243; background_color=&#8220;rgba(255,255,255,0)&#8220; custom_padding_tablet=&#8220;50px|0|50px|0&#8243; custom_padding_phone=&#8220;50px|0|50px|0&#8243; transparent_background=&#8220;on&#8220; padding_mobile=&#8220;off&#8220; make_fullwidth=&#8220;off&#8220; use_custom_width=&#8220;off&#8220; width_unit=&#8220;on&#8220; global_colors_info=&#8220;{}&#8220;][et_pb_row column_structure=&#8220;1_3,1_3,1_3&#8243; use_custom_gutter=&#8220;on&#8220; gutter_width=&#8220;2&#8243; padding_mobile=&#8220;off&#8220; column_padding_mobile=&#8220;on&#8220; admin_label=&#8220;Riga&#8220; module_class=&#8220; et_pb_row_fullwidth&#8220; _builder_version=&#8220;4.16&#8243; background_size=&#8220;initial&#8220; background_position=&#8220;top_left&#8220; background_repeat=&#8220;repeat&#8220; width=&#8220;94%&#8220; width_tablet=&#8220;80%&#8220; width_phone=&#8220;80%&#8220; width_last_edited=&#8220;on|desktop&#8220; max_width=&#8220;94%&#8220; max_width_tablet=&#8220;80%&#8220; max_width_phone=&#8220;80%&#8220; max_width_last_edited=&#8220;on|desktop&#8220; make_fullwidth=&#8220;on&#8220; use_custom_width=&#8220;off&#8220; width_unit=&#8220;on&#8220; global_colors_info=&#8220;{}&#8220;][et_pb_column type=&#8220;1_3&#8243; _builder_version=&#8220;4.16&#8243; custom_padding=&#8220;|||&#8220; global_colors_info=&#8220;{}&#8220; custom_padding__hover=&#8220;|||&#8220;][et_pb_image src=&#8220;https:\/\/www.vergerpleinsoleil.com\/wp-content\/uploads\/2016\/03\/Verger6.jpg&#8220; alt=&#8220;Verger Plein Soleil&#8220; title_text=&#8220;Verger Plein Soleil&#8220; show_in_lightbox=&#8220;on&#8220; force_fullwidth=&#8220;on&#8220; align_tablet=&#8220;center&#8220; align_phone=&#8220;center&#8220; align_last_edited=&#8220;on|desktop&#8220; admin_label=&#8220;Immagine&#8220; _builder_version=&#8220;4.26.0&#8243; custom_margin=&#8220;0px|||&#8220; animation=&#8220;off&#8220; use_border_color=&#8220;off&#8220; border_color=&#8220;#2c3338&#8243; border_width=&#8220;2&#8243; border_style=&#8220;solid&#8220; sticky=&#8220;off&#8220; always_center_on_mobile=&#8220;on&#8220; global_colors_info=&#8220;{}&#8220;] [\/et_pb_image][\/et_pb_column][et_pb_column type=&#8220;1_3&#8243; _builder_version=&#8220;4.16&#8243; custom_padding=&#8220;|||&#8220; global_colors_info=&#8220;{}&#8220; custom_padding__hover=&#8220;|||&#8220;][et_pb_image src=&#8220;https:\/\/www.vergerpleinsoleil.com\/wp-content\/uploads\/2016\/03\/Verger5.jpg&#8220; alt=&#8220;Castello Saint-Pierre&#8220; title_text=&#8220;Verger Plein Soleil&#8220; show_in_lightbox=&#8220;on&#8220; force_fullwidth=&#8220;on&#8220; align_tablet=&#8220;center&#8220; align_phone=&#8220;center&#8220; align_last_edited=&#8220;on|desktop&#8220; admin_label=&#8220;Immagine&#8220; _builder_version=&#8220;4.26.0&#8243; custom_margin=&#8220;0px|||&#8220; animation=&#8220;off&#8220; use_border_color=&#8220;off&#8220; border_color=&#8220;#2c3338&#8243; border_width=&#8220;2&#8243; border_style=&#8220;solid&#8220; sticky=&#8220;off&#8220; always_center_on_mobile=&#8220;on&#8220; global_colors_info=&#8220;{}&#8220;] [\/et_pb_image][\/et_pb_column][et_pb_column type=&#8220;1_3&#8243; _builder_version=&#8220;4.16&#8243; custom_padding=&#8220;|||&#8220; global_colors_info=&#8220;{}&#8220; custom_padding__hover=&#8220;|||&#8220;][et_pb_image src=&#8220;https:\/\/www.vergerpleinsoleil.com\/wp-content\/uploads\/2016\/03\/Verger7.jpg&#8220; alt=&#8220;Verger Plein Soleil&#8220; title_text=&#8220;Verger Plein Soleil&#8220; show_in_lightbox=&#8220;on&#8220; force_fullwidth=&#8220;on&#8220; align_tablet=&#8220;center&#8220; align_phone=&#8220;center&#8220; align_last_edited=&#8220;on|desktop&#8220; admin_label=&#8220;Immagine&#8220; _builder_version=&#8220;4.26.0&#8243; custom_margin=&#8220;0px|||&#8220; animation=&#8220;off&#8220; use_border_color=&#8220;off&#8220; border_color=&#8220;#2c3338&#8243; border_width=&#8220;2&#8243; border_style=&#8220;solid&#8220; sticky=&#8220;off&#8220; always_center_on_mobile=&#8220;on&#8220; global_colors_info=&#8220;{}&#8220;] [\/et_pb_image][\/et_pb_column][\/et_pb_row][\/et_pb_section][et_pb_section fb_built=&#8220;1&#8243; admin_label=&#8220;Sezione&#8220; _builder_version=&#8220;4.16&#8243; global_colors_info=&#8220;{}&#8220;][et_pb_row column_structure=&#8220;1_2,1_2&#8243; admin_label=&#8220;Riga&#8220; _builder_version=&#8220;4.16&#8243; background_size=&#8220;initial&#8220; background_position=&#8220;top_left&#8220; background_repeat=&#8220;repeat&#8220; global_colors_info=&#8220;{}&#8220;][et_pb_column type=&#8220;1_2&#8243; _builder_version=&#8220;4.16&#8243; custom_padding=&#8220;|||&#8220; global_colors_info=&#8220;{}&#8220; custom_padding__hover=&#8220;|||&#8220;][et_pb_text admin_label=&#8220;Im Herz des zentralen Tals, auf der &#8220; _builder_version=&#8220;4.16&#8243; background_size=&#8220;initial&#8220; background_position=&#8220;top_left&#8220; background_repeat=&#8220;repeat&#8220; use_border_color=&#8220;off&#8220; border_color=&#8220;#ffffff&#8220; border_style=&#8220;solid&#8220; global_colors_info=&#8220;{}&#8220;]Im Herz des zentralen Tals, auf der linken Seite des Flusses <strong>Dora Baltea<\/strong> befindet sich <strong>Saint-Pierre<\/strong> ein\u00a0sehr sch\u00f6nes Dorf, das von <strong>Grivola<\/strong>, einem m\u00e4chtigen Gipfel, der zu <strong>Gran Paradiso<\/strong> geh\u00f6rt, beherrscht\u00a0wird.Ein mittelalterlichers <strong>Schloss<\/strong> \u00fcberragt dieses Dorf. Das <strong>Schloss<\/strong> ist der Sitz des regionalen\u00a0naturwissenschaftlichen Museums.Saint-Pierre hat ein weiteres Schloss <strong>&#8222;Sarriod de la Tour&#8220;<\/strong><br \/>\n[\/et_pb_text][\/et_pb_column][et_pb_column type=&#8220;1_2&#8243; _builder_version=&#8220;4.16&#8243; custom_padding=&#8220;|||&#8220; global_colors_info=&#8220;{}&#8220; custom_padding__hover=&#8220;|||&#8220;][et_pb_text admin_label=&#8220;Es gibt noch ein eindrucksvolles Schloss&#8220; _builder_version=&#8220;4.16&#8243; background_size=&#8220;initial&#8220; background_position=&#8220;top_left&#8220; background_repeat=&#8220;repeat&#8220; use_border_color=&#8220;off&#8220; border_color=&#8220;#ffffff&#8220; border_style=&#8220;solid&#8220; global_colors_info=&#8220;{}&#8220;]Es gibt noch ein eindrucksvolles Schloss \u201c<strong>Sarriod de La Tour<\/strong>\u201d, das\u00ec\u00a0sich in der N\u00e4he des Dorfes befindet und das von Obstg\u00e4rten umgeben ist. Das Dorf streicht bis dem Fu\u00df\u00a0des Berges Mont Fal\u00e8re, von dort kann man den ganzen Aostatal bewundern. Die sonnige Lage f\u00f6rdert\u00a0den Apfelbau (Renette und Golden). Der Weinbau auch spielt eine wichtige Rolle, ein typischer und\u00a0hochwertiger Wein ist \u201c<strong>Torrette<\/strong>\u201d.<br \/>\n[\/et_pb_text][\/et_pb_column][\/et_pb_row][\/et_pb_section]<\/p>\n","protected":false},"excerpt":{"rendered":"<p>SAINT-PIERRE Fl\u00e4che 26 km2 H\u00f6he: MAX 3089 m. H\u00f6he: MIN 613 m. EINWOHNER 2.516 Im Herz des zentralen Tals, auf der linken Seite des Flusses Dora Baltea befindet sich Saint-Pierre ein\u00a0sehr sch\u00f6nes Dorf, das von Grivola, einem m\u00e4chtigen Gipfel, der zu Gran Paradiso geh\u00f6rt, beherrscht\u00a0wird.Ein mittelalterlichers Schloss \u00fcberragt dieses Dorf. Das Schloss ist der Sitz [&hellip;]<\/p>\n","protected":false},"author":1,"featured_media":0,"parent":0,"menu_order":0,"comment_status":"closed","ping_status":"closed","template":"","meta":{"_et_pb_use_builder":"on","_et_pb_old_content":"","_et_gb_content_width":"","footnotes":""},"class_list":["post-1545","page","type-page","status-publish","hentry"],"yoast_head":"<!-- This site is optimized with the Yoast SEO plugin v23.9 - https:\/\/yoast.com\/wordpress\/plugins\/seo\/ -->\n<title>Saint Pierre - Agriturismo appartamenti Verger Plein Soleil<\/title>\n<meta name=\"description\" content=\"Saint-Pierre \u00e8 un borgo sormontato da un castello medioevale. Nel castello c&#039;\u00e8 museo, mentre all&#039;interno del paese vi sono bar, ristoranti e molto altro.\" \/>\n<meta name=\"robots\" content=\"index, follow, max-snippet:-1, max-image-preview:large, max-video-preview:-1\" \/>\n<link rel=\"canonical\" href=\"https:\/\/www.vergerpleinsoleil.com\/de\/saint-pierre\/\" \/>\n<meta property=\"og:locale\" content=\"de_DE\" \/>\n<meta property=\"og:type\" content=\"article\" \/>\n<meta property=\"og:title\" content=\"Saint Pierre - Agriturismo appartamenti Verger Plein Soleil\" \/>\n<meta property=\"og:description\" content=\"Saint-Pierre \u00e8 un borgo sormontato da un castello medioevale. Nel castello c&#039;\u00e8 museo, mentre all&#039;interno del paese vi sono bar, ristoranti e molto altro.\" \/>\n<meta property=\"og:url\" content=\"https:\/\/www.vergerpleinsoleil.com\/de\/saint-pierre\/\" \/>\n<meta property=\"og:site_name\" content=\"Verger Plein Soleil\" \/>\n<meta property=\"article:modified_time\" content=\"2024-07-12T12:23:59+00:00\" \/>\n<meta name=\"twitter:card\" content=\"summary_large_image\" \/>\n<meta name=\"twitter:label1\" content=\"Gesch\u00e4tzte Lesezeit\" \/>\n\t<meta name=\"twitter:data1\" content=\"3\u00a0Minuten\" \/>\n<script type=\"application\/ld+json\" class=\"yoast-schema-graph\">{\"@context\":\"https:\/\/schema.org\",\"@graph\":[{\"@type\":\"WebPage\",\"@id\":\"https:\/\/www.vergerpleinsoleil.com\/de\/saint-pierre\/\",\"url\":\"https:\/\/www.vergerpleinsoleil.com\/de\/saint-pierre\/\",\"name\":\"Saint Pierre - Agriturismo appartamenti Verger Plein Soleil\",\"isPartOf\":{\"@id\":\"https:\/\/www.vergerpleinsoleil.com\/#website\"},\"datePublished\":\"2016-03-07T13:25:36+00:00\",\"dateModified\":\"2024-07-12T12:23:59+00:00\",\"description\":\"Saint-Pierre \u00e8 un borgo sormontato da un castello medioevale. Nel castello c'\u00e8 museo, mentre all'interno del paese vi sono bar, ristoranti e molto altro.\",\"breadcrumb\":{\"@id\":\"https:\/\/www.vergerpleinsoleil.com\/de\/saint-pierre\/#breadcrumb\"},\"inLanguage\":\"de\",\"potentialAction\":[{\"@type\":\"ReadAction\",\"target\":[\"https:\/\/www.vergerpleinsoleil.com\/de\/saint-pierre\/\"]}]},{\"@type\":\"BreadcrumbList\",\"@id\":\"https:\/\/www.vergerpleinsoleil.com\/de\/saint-pierre\/#breadcrumb\",\"itemListElement\":[{\"@type\":\"ListItem\",\"position\":1,\"name\":\"Home\",\"item\":\"https:\/\/www.vergerpleinsoleil.com\/de\/\"},{\"@type\":\"ListItem\",\"position\":2,\"name\":\"SAINT-PIERRE\"}]},{\"@type\":\"WebSite\",\"@id\":\"https:\/\/www.vergerpleinsoleil.com\/#website\",\"url\":\"https:\/\/www.vergerpleinsoleil.com\/\",\"name\":\"Verger Plein Soleil\",\"description\":\"Appartamenti Valle d&#039;Aosta\",\"potentialAction\":[{\"@type\":\"SearchAction\",\"target\":{\"@type\":\"EntryPoint\",\"urlTemplate\":\"https:\/\/www.vergerpleinsoleil.com\/?s={search_term_string}\"},\"query-input\":{\"@type\":\"PropertyValueSpecification\",\"valueRequired\":true,\"valueName\":\"search_term_string\"}}],\"inLanguage\":\"de\"}]}<\/script>\n<!-- \/ Yoast SEO plugin. -->","yoast_head_json":{"title":"Saint Pierre - Agriturismo appartamenti Verger Plein Soleil","description":"Saint-Pierre \u00e8 un borgo sormontato da un castello medioevale. Nel castello c'\u00e8 museo, mentre all'interno del paese vi sono bar, ristoranti e molto altro.","robots":{"index":"index","follow":"follow","max-snippet":"max-snippet:-1","max-image-preview":"max-image-preview:large","max-video-preview":"max-video-preview:-1"},"canonical":"https:\/\/www.vergerpleinsoleil.com\/de\/saint-pierre\/","og_locale":"de_DE","og_type":"article","og_title":"Saint Pierre - Agriturismo appartamenti Verger Plein Soleil","og_description":"Saint-Pierre \u00e8 un borgo sormontato da un castello medioevale. Nel castello c'\u00e8 museo, mentre all'interno del paese vi sono bar, ristoranti e molto altro.","og_url":"https:\/\/www.vergerpleinsoleil.com\/de\/saint-pierre\/","og_site_name":"Verger Plein Soleil","article_modified_time":"2024-07-12T12:23:59+00:00","twitter_card":"summary_large_image","twitter_misc":{"Gesch\u00e4tzte Lesezeit":"3\u00a0Minuten"},"schema":{"@context":"https:\/\/schema.org","@graph":[{"@type":"WebPage","@id":"https:\/\/www.vergerpleinsoleil.com\/de\/saint-pierre\/","url":"https:\/\/www.vergerpleinsoleil.com\/de\/saint-pierre\/","name":"Saint Pierre - Agriturismo appartamenti Verger Plein Soleil","isPartOf":{"@id":"https:\/\/www.vergerpleinsoleil.com\/#website"},"datePublished":"2016-03-07T13:25:36+00:00","dateModified":"2024-07-12T12:23:59+00:00","description":"Saint-Pierre \u00e8 un borgo sormontato da un castello medioevale. Nel castello c'\u00e8 museo, mentre all'interno del paese vi sono bar, ristoranti e molto altro.","breadcrumb":{"@id":"https:\/\/www.vergerpleinsoleil.com\/de\/saint-pierre\/#breadcrumb"},"inLanguage":"de","potentialAction":[{"@type":"ReadAction","target":["https:\/\/www.vergerpleinsoleil.com\/de\/saint-pierre\/"]}]},{"@type":"BreadcrumbList","@id":"https:\/\/www.vergerpleinsoleil.com\/de\/saint-pierre\/#breadcrumb","itemListElement":[{"@type":"ListItem","position":1,"name":"Home","item":"https:\/\/www.vergerpleinsoleil.com\/de\/"},{"@type":"ListItem","position":2,"name":"SAINT-PIERRE"}]},{"@type":"WebSite","@id":"https:\/\/www.vergerpleinsoleil.com\/#website","url":"https:\/\/www.vergerpleinsoleil.com\/","name":"Verger Plein Soleil","description":"Appartamenti Valle d&#039;Aosta","potentialAction":[{"@type":"SearchAction","target":{"@type":"EntryPoint","urlTemplate":"https:\/\/www.vergerpleinsoleil.com\/?s={search_term_string}"},"query-input":{"@type":"PropertyValueSpecification","valueRequired":true,"valueName":"search_term_string"}}],"inLanguage":"de"}]}},"_links":{"self":[{"href":"https:\/\/www.vergerpleinsoleil.com\/de\/wp-json\/wp\/v2\/pages\/1545","targetHints":{"allow":["GET"]}}],"collection":[{"href":"https:\/\/www.vergerpleinsoleil.com\/de\/wp-json\/wp\/v2\/pages"}],"about":[{"href":"https:\/\/www.vergerpleinsoleil.com\/de\/wp-json\/wp\/v2\/types\/page"}],"author":[{"embeddable":true,"href":"https:\/\/www.vergerpleinsoleil.com\/de\/wp-json\/wp\/v2\/users\/1"}],"replies":[{"embeddable":true,"href":"https:\/\/www.vergerpleinsoleil.com\/de\/wp-json\/wp\/v2\/comments?post=1545"}],"version-history":[{"count":2,"href":"https:\/\/www.vergerpleinsoleil.com\/de\/wp-json\/wp\/v2\/pages\/1545\/revisions"}],"predecessor-version":[{"id":2736,"href":"https:\/\/www.vergerpleinsoleil.com\/de\/wp-json\/wp\/v2\/pages\/1545\/revisions\/2736"}],"wp:attachment":[{"href":"https:\/\/www.vergerpleinsoleil.com\/de\/wp-json\/wp\/v2\/media?parent=1545"}],"curies":[{"name":"wp","href":"https:\/\/api.w.org\/{rel}","templated":true}]}}